{"id":692,"date":"2025-06-05T07:46:48","date_gmt":"2025-06-05T07:46:48","guid":{"rendered":"https:\/\/adimakes.com\/schontag\/?page_id=692"},"modified":"2025-06-05T13:41:15","modified_gmt":"2025-06-05T13:41:15","slug":"energetische-sanierung","status":"publish","type":"page","link":"https:\/\/adimakes.com\/schontag\/energetische-sanierung\/","title":{"rendered":"Energetische Sanierung"},"content":{"rendered":"\t\t<div data-elementor-type=\"wp-page\" data-elementor-id=\"692\" class=\"elementor elementor-692\" data-elementor-post-type=\"page\">\n\t\t\t\t<div class=\"elementor-element elementor-element-021f6c8 e-flex e-con-boxed e-con e-parent\" data-id=\"021f6c8\" data-element_type=\"container\" data-e-type=\"container\" data-settings=\"{&quot;background_background&quot;:&quot;classic&quot;}\">\n\t\t\t\t\t<div class=\"e-con-inner\">\n\t\t\t\t<div class=\"elementor-element elementor-element-72d7dc7 elementor-widget elementor-widget-heading\" data-id=\"72d7dc7\" data-element_type=\"widget\" data-e-type=\"widget\" data-widget_type=\"heading.default\">\n\t\t\t\t<div class=\"elementor-widget-container\">\n\t\t\t\t\t<h2 class=\"elementor-heading-title elementor-size-default\">Nachhaltig Best\u00e4nde sanieren, fordert professionelle Planung und Erfahrung.<\/h2>\t\t\t\t<\/div>\n\t\t\t\t<\/div>\n\t\t\t\t<div class=\"elementor-element elementor-element-379efc8 elementor-align-right elementor-widget elementor-widget-button\" data-id=\"379efc8\" data-element_type=\"widget\" data-e-type=\"widget\" data-widget_type=\"button.default\">\n\t\t\t\t<div class=\"elementor-widget-container\">\n\t\t\t\t\t\t\t\t\t<div class=\"elementor-button-wrapper\">\n\t\t\t\t\t<a class=\"elementor-button elementor-button-link elementor-size-sm\" href=\"https:\/\/adimakes.com\/schontag\/leistungen\/\">\n\t\t\t\t\t\t<span class=\"elementor-button-content-wrapper\">\n\t\t\t\t\t\t\t\t\t<span class=\"elementor-button-text\">Alle Leistungen<\/span>\n\t\t\t\t\t<\/span>\n\t\t\t\t\t<\/a>\n\t\t\t\t<\/div>\n\t\t\t\t\t\t\t\t<\/div>\n\t\t\t\t<\/div>\n\t\t\t\t\t<\/div>\n\t\t\t\t<\/div>\n\t\t<div class=\"elementor-element elementor-element-312f43b e-flex e-con-boxed e-con e-parent\" data-id=\"312f43b\" data-element_type=\"container\" data-e-type=\"container\">\n\t\t\t\t\t<div class=\"e-con-inner\">\n\t\t<div class=\"elementor-element elementor-element-b2cf1e1 e-con-full e-flex e-con e-child\" data-id=\"b2cf1e1\" data-element_type=\"container\" data-e-type=\"container\">\n\t\t\t\t<div class=\"elementor-element elementor-element-4365199 elementor-widget elementor-widget-text-editor\" data-id=\"4365199\" data-element_type=\"widget\" data-e-type=\"widget\" data-widget_type=\"text-editor.default\">\n\t\t\t\t<div class=\"elementor-widget-container\">\n\t\t\t\t\t\t\t\t\t<p>Sparen Sie in der zweiten Miete (Nebenkosten) dank energetischer Sanierung. Wir helfen Ihnen, Ihren Energieverbrauch f\u00fcr Heizung, Warmwasseraufbereitung und Bel\u00fcftung durch gezielte bauliche Ma\u00dfnahmen langfristig zu reduzieren. Das senkt die Energiekosten sp\u00fcrbar und gleichzeitig leisten Sie durch einen geringeren Co2-Aussto\u00df und den Einsatz erneuerbarer Energien einen wertvollen Beitrag f\u00fcr die Umwelt.<\/p><p>\u00a0<\/p><p>Gerne beraten wir Sie zu verschiedenen F\u00f6rderm\u00f6glichkeiten nach KfW und entwickeln ihr individuelles, energieeffizientes Sanierungskonzept.<\/p>\t\t\t\t\t\t\t\t<\/div>\n\t\t\t\t<\/div>\n\t\t\t\t<\/div>\n\t\t<div class=\"elementor-element elementor-element-3d312ab e-con-full e-flex e-con e-child\" data-id=\"3d312ab\" data-element_type=\"container\" data-e-type=\"container\">\n\t\t\t\t<\/div>\n\t\t\t\t\t<\/div>\n\t\t\t\t<\/div>\n\t\t<div class=\"elementor-element elementor-element-6177fcc e-flex e-con-boxed e-con e-parent\" data-id=\"6177fcc\" data-element_type=\"container\" data-e-type=\"container\" data-settings=\"{&quot;background_background&quot;:&quot;classic&quot;}\">\n\t\t\t\t\t<div class=\"e-con-inner\">\n\t\t\t\t\t<\/div>\n\t\t\t\t<\/div>\n\t\t<div class=\"elementor-element elementor-element-59be38e e-flex e-con-boxed e-con e-parent\" data-id=\"59be38e\" data-element_type=\"container\" data-e-type=\"container\">\n\t\t\t\t\t<div class=\"e-con-inner\">\n\t\t\t\t<div class=\"elementor-element elementor-element-89b9390 elementor-widget elementor-widget-heading\" data-id=\"89b9390\" data-element_type=\"widget\" data-e-type=\"widget\" data-widget_type=\"heading.default\">\n\t\t\t\t<div class=\"elementor-widget-container\">\n\t\t\t\t\t<h2 class=\"elementor-heading-title elementor-size-default\">Sanierungsleistung<\/h2>\t\t\t\t<\/div>\n\t\t\t\t<\/div>\n\t\t<div class=\"elementor-element elementor-element-4a84ad3 e-con-full e-flex e-con e-child\" data-id=\"4a84ad3\" data-element_type=\"container\" data-e-type=\"container\">\n\t\t\t\t<div class=\"elementor-element elementor-element-0156ab8 elementor-widget__width-initial elementor-widget-divider--view-line elementor-widget elementor-widget-divider\" data-id=\"0156ab8\" data-element_type=\"widget\" data-e-type=\"widget\" data-widget_type=\"divider.default\">\n\t\t\t\t<div class=\"elementor-widget-container\">\n\t\t\t\t\t\t\t<div class=\"elementor-divider\">\n\t\t\t<span class=\"elementor-divider-separator\">\n\t\t\t\t\t\t<\/span>\n\t\t<\/div>\n\t\t\t\t\t\t<\/div>\n\t\t\t\t<\/div>\n\t\t\t\t<div class=\"elementor-element elementor-element-2881fac elementor-widget elementor-widget-button\" data-id=\"2881fac\" data-element_type=\"widget\" data-e-type=\"widget\" data-widget_type=\"button.default\">\n\t\t\t\t<div class=\"elementor-widget-container\">\n\t\t\t\t\t\t\t\t\t<div class=\"elementor-button-wrapper\">\n\t\t\t\t\t<a class=\"elementor-button elementor-button-link elementor-size-sm\" href=\"https:\/\/adimakes.com\/schontag\/kontakt\/\">\n\t\t\t\t\t\t<span class=\"elementor-button-content-wrapper\">\n\t\t\t\t\t\t\t\t\t<span class=\"elementor-button-text\">Start a Project<\/span>\n\t\t\t\t\t<\/span>\n\t\t\t\t\t<\/a>\n\t\t\t\t<\/div>\n\t\t\t\t\t\t\t\t<\/div>\n\t\t\t\t<\/div>\n\t\t\t\t<\/div>\n\t\t<div class=\"elementor-element elementor-element-fa9095a e-con-full e-flex e-con e-child\" data-id=\"fa9095a\" data-element_type=\"container\" data-e-type=\"container\">\n\t\t<div class=\"elementor-element elementor-element-af3a88f e-con-full e-flex e-con e-child\" data-id=\"af3a88f\" data-element_type=\"container\" data-e-type=\"container\">\n\t\t\t\t<div class=\"elementor-element elementor-element-1e22509 elementor-widget elementor-widget-image\" data-id=\"1e22509\" data-element_type=\"widget\" data-e-type=\"widget\" data-widget_type=\"image.default\">\n\t\t\t\t<div class=\"elementor-widget-container\">\n\t\t\t\t\t\t\t\t\t\t\t\t\t\t\t<img decoding=\"async\" width=\"134\" height=\"134\" src=\"https:\/\/adimakes.com\/schontag\/wp-content\/uploads\/2025\/06\/sub.png\" class=\"attachment-large size-large wp-image-331\" alt=\"\" \/>\t\t\t\t\t\t\t\t\t\t\t\t\t\t\t<\/div>\n\t\t\t\t<\/div>\n\t\t\t\t<div class=\"elementor-element elementor-element-d66a1ac elementor-widget elementor-widget-heading\" data-id=\"d66a1ac\" data-element_type=\"widget\" data-e-type=\"widget\" data-widget_type=\"heading.default\">\n\t\t\t\t<div class=\"elementor-widget-container\">\n\t\t\t\t\t<h2 class=\"elementor-heading-title elementor-size-default\">Entwicklung f\u00f6rderf\u00e4higer, energieeffizienter Konzepte<\/h2>\t\t\t\t<\/div>\n\t\t\t\t<\/div>\n\t\t\t\t<div class=\"elementor-element elementor-element-c12ac21 elementor-widget elementor-widget-text-editor\" data-id=\"c12ac21\" data-element_type=\"widget\" data-e-type=\"widget\" data-widget_type=\"text-editor.default\">\n\t\t\t\t<div class=\"elementor-widget-container\">\n\t\t\t\t\t\t\t\t\tWir bieten Ihnen eine sorgf\u00e4ltige Planung, welche anhand der individuellen, energetischen Voraussetzungen Ihres Geb\u00e4udes, die bestm\u00f6gliche F\u00f6rderung f\u00fcr Ihr Bauvorhaben garantiert.\t\t\t\t\t\t\t\t<\/div>\n\t\t\t\t<\/div>\n\t\t\t\t<\/div>\n\t\t<div class=\"elementor-element elementor-element-2979ee7 e-con-full e-flex e-con e-child\" data-id=\"2979ee7\" data-element_type=\"container\" data-e-type=\"container\">\n\t\t\t\t<div class=\"elementor-element elementor-element-34ef67b elementor-widget elementor-widget-image\" data-id=\"34ef67b\" data-element_type=\"widget\" data-e-type=\"widget\" data-widget_type=\"image.default\">\n\t\t\t\t<div class=\"elementor-widget-container\">\n\t\t\t\t\t\t\t\t\t\t\t\t\t\t\t<img decoding=\"async\" width=\"135\" height=\"127\" src=\"https:\/\/adimakes.com\/schontag\/wp-content\/uploads\/2025\/06\/Heiz.png\" class=\"attachment-large size-large wp-image-330\" alt=\"\" \/>\t\t\t\t\t\t\t\t\t\t\t\t\t\t\t<\/div>\n\t\t\t\t<\/div>\n\t\t\t\t<div class=\"elementor-element elementor-element-ebd5a9e elementor-widget elementor-widget-heading\" data-id=\"ebd5a9e\" data-element_type=\"widget\" data-e-type=\"widget\" data-widget_type=\"heading.default\">\n\t\t\t\t<div class=\"elementor-widget-container\">\n\t\t\t\t\t<h2 class=\"elementor-heading-title elementor-size-default\">Nachhaltige Heizungstechnik<\/h2>\t\t\t\t<\/div>\n\t\t\t\t<\/div>\n\t\t\t\t<div class=\"elementor-element elementor-element-7e4df94 elementor-widget elementor-widget-text-editor\" data-id=\"7e4df94\" data-element_type=\"widget\" data-e-type=\"widget\" data-widget_type=\"text-editor.default\">\n\t\t\t\t<div class=\"elementor-widget-container\">\n\t\t\t\t\t\t\t\t\tEine neue Heizungsanlage kann die Energiekosten um circa 25 Prozent senken. Dank unseres Heizungscontracting Unternehmens, k\u00f6nnen Sie nachhaltige Alternativen, wie z.B. eine W\u00e4rmepumpe ganz einfach bei uns mieten.\t\t\t\t\t\t\t\t<\/div>\n\t\t\t\t<\/div>\n\t\t\t\t<\/div>\n\t\t<div class=\"elementor-element elementor-element-ae388c7 e-con-full e-flex e-con e-child\" data-id=\"ae388c7\" data-element_type=\"container\" data-e-type=\"container\">\n\t\t\t\t<div class=\"elementor-element elementor-element-4db24b3 elementor-widget elementor-widget-image\" data-id=\"4db24b3\" data-element_type=\"widget\" data-e-type=\"widget\" data-widget_type=\"image.default\">\n\t\t\t\t<div class=\"elementor-widget-container\">\n\t\t\t\t\t\t\t\t\t\t\t\t\t\t\t<img decoding=\"async\" width=\"134\" height=\"123\" src=\"https:\/\/adimakes.com\/schontag\/wp-content\/uploads\/2025\/06\/iso.png\" class=\"attachment-large size-large wp-image-329\" alt=\"\" \/>\t\t\t\t\t\t\t\t\t\t\t\t\t\t\t<\/div>\n\t\t\t\t<\/div>\n\t\t\t\t<div class=\"elementor-element elementor-element-488e995 elementor-widget elementor-widget-heading\" data-id=\"488e995\" data-element_type=\"widget\" data-e-type=\"widget\" data-widget_type=\"heading.default\">\n\t\t\t\t<div class=\"elementor-widget-container\">\n\t\t\t\t\t<h2 class=\"elementor-heading-title elementor-size-default\">W\u00e4rmed\u00e4mmung<\/h2>\t\t\t\t<\/div>\n\t\t\t\t<\/div>\n\t\t\t\t<div class=\"elementor-element elementor-element-30f6826 elementor-widget elementor-widget-text-editor\" data-id=\"30f6826\" data-element_type=\"widget\" data-e-type=\"widget\" data-widget_type=\"text-editor.default\">\n\t\t\t\t<div class=\"elementor-widget-container\">\n\t\t\t\t\t\t\t\t\tDie W\u00e4rmed\u00e4mmung spielt bei einer energetischen Sanierung eine wichtige Rolle. Sie reduziert den W\u00e4rmeverlust des Geb\u00e4udes und verhindert das Aufheizen im Sommer. So k\u00f6nnen bis zu 30 Prozent der Energiekosten eingespart werden.\n\n\t\t\t\t\t\t\t\t<\/div>\n\t\t\t\t<\/div>\n\t\t\t\t<\/div>\n\t\t\t\t<\/div>\n\t\t<div class=\"elementor-element elementor-element-cd17496 e-con-full e-flex e-con e-child\" data-id=\"cd17496\" data-element_type=\"container\" data-e-type=\"container\">\n\t\t<div class=\"elementor-element elementor-element-a61550b e-con-full e-flex e-con e-child\" data-id=\"a61550b\" data-element_type=\"container\" data-e-type=\"container\">\n\t\t\t\t<div class=\"elementor-element elementor-element-6709d01 elementor-widget elementor-widget-image\" data-id=\"6709d01\" data-element_type=\"widget\" data-e-type=\"widget\" data-widget_type=\"image.default\">\n\t\t\t\t<div class=\"elementor-widget-container\">\n\t\t\t\t\t\t\t\t\t\t\t\t\t\t\t<img loading=\"lazy\" decoding=\"async\" width=\"131\" height=\"100\" src=\"https:\/\/adimakes.com\/schontag\/wp-content\/uploads\/2025\/06\/koorb.png\" class=\"attachment-large size-large wp-image-328\" alt=\"\" \/>\t\t\t\t\t\t\t\t\t\t\t\t\t\t\t<\/div>\n\t\t\t\t<\/div>\n\t\t\t\t<div class=\"elementor-element elementor-element-59774d3 elementor-widget elementor-widget-heading\" data-id=\"59774d3\" data-element_type=\"widget\" data-e-type=\"widget\" data-widget_type=\"heading.default\">\n\t\t\t\t<div class=\"elementor-widget-container\">\n\t\t\t\t\t<h2 class=\"elementor-heading-title elementor-size-default\">Planung &amp; Ausf\u00fchrung aus einer Hand<\/h2>\t\t\t\t<\/div>\n\t\t\t\t<\/div>\n\t\t\t\t<div class=\"elementor-element elementor-element-6487bab elementor-widget elementor-widget-text-editor\" data-id=\"6487bab\" data-element_type=\"widget\" data-e-type=\"widget\" data-widget_type=\"text-editor.default\">\n\t\t\t\t<div class=\"elementor-widget-container\">\n\t\t\t\t\t\t\t\t\tIhr Vorhaben k\u00f6nnen Sie komplett an uns \u00fcbergeben. Sie machen die Vorgaben und wir planen und setzten Ihr Vorhaben um.\t\t\t\t\t\t\t\t<\/div>\n\t\t\t\t<\/div>\n\t\t\t\t<\/div>\n\t\t<div class=\"elementor-element elementor-element-74c3929 e-con-full e-flex e-con e-child\" data-id=\"74c3929\" data-element_type=\"container\" data-e-type=\"container\">\n\t\t\t\t<div class=\"elementor-element elementor-element-82a9d72 elementor-widget elementor-widget-image\" data-id=\"82a9d72\" data-element_type=\"widget\" data-e-type=\"widget\" data-widget_type=\"image.default\">\n\t\t\t\t<div class=\"elementor-widget-container\">\n\t\t\t\t\t\t\t\t\t\t\t\t\t\t\t<img loading=\"lazy\" decoding=\"async\" width=\"126\" height=\"133\" src=\"https:\/\/adimakes.com\/schontag\/wp-content\/uploads\/2025\/06\/shome.png\" class=\"attachment-large size-large wp-image-327\" alt=\"\" \/>\t\t\t\t\t\t\t\t\t\t\t\t\t\t\t<\/div>\n\t\t\t\t<\/div>\n\t\t\t\t<div class=\"elementor-element elementor-element-f188a00 elementor-widget elementor-widget-heading\" data-id=\"f188a00\" data-element_type=\"widget\" data-e-type=\"widget\" data-widget_type=\"heading.default\">\n\t\t\t\t<div class=\"elementor-widget-container\">\n\t\t\t\t\t<h2 class=\"elementor-heading-title elementor-size-default\">Smart Home Komponenten<\/h2>\t\t\t\t<\/div>\n\t\t\t\t<\/div>\n\t\t\t\t<div class=\"elementor-element elementor-element-239692a elementor-widget elementor-widget-text-editor\" data-id=\"239692a\" data-element_type=\"widget\" data-e-type=\"widget\" data-widget_type=\"text-editor.default\">\n\t\t\t\t<div class=\"elementor-widget-container\">\n\t\t\t\t\t\t\t\t\tSmart Home Komponenten, insbesondere jene, die Heizung und Licht steuern, k\u00f6nnen die Energieeffizienz Ihres Geb\u00e4udes steigern.\t\t\t\t\t\t\t\t<\/div>\n\t\t\t\t<\/div>\n\t\t\t\t<\/div>\n\t\t<div class=\"elementor-element elementor-element-45dbe12 e-con-full e-flex e-con e-child\" data-id=\"45dbe12\" data-element_type=\"container\" data-e-type=\"container\">\n\t\t\t\t<div class=\"elementor-element elementor-element-5ecf347 elementor-widget elementor-widget-image\" data-id=\"5ecf347\" data-element_type=\"widget\" data-e-type=\"widget\" data-widget_type=\"image.default\">\n\t\t\t\t<div class=\"elementor-widget-container\">\n\t\t\t\t\t\t\t\t\t\t\t\t\t\t\t<img loading=\"lazy\" decoding=\"async\" width=\"256\" height=\"256\" src=\"https:\/\/adimakes.com\/schontag\/wp-content\/uploads\/2025\/06\/3737602_energy_green_leaf_renewable_icon.png\" class=\"attachment-large size-large wp-image-326\" alt=\"\" srcset=\"https:\/\/adimakes.com\/schontag\/wp-content\/uploads\/2025\/06\/3737602_energy_green_leaf_renewable_icon.png 256w, https:\/\/adimakes.com\/schontag\/wp-content\/uploads\/2025\/06\/3737602_energy_green_leaf_renewable_icon-150x150.png 150w\" sizes=\"(max-width: 256px) 100vw, 256px\" \/>\t\t\t\t\t\t\t\t\t\t\t\t\t\t\t<\/div>\n\t\t\t\t<\/div>\n\t\t\t\t<div class=\"elementor-element elementor-element-70c500d elementor-widget elementor-widget-heading\" data-id=\"70c500d\" data-element_type=\"widget\" data-e-type=\"widget\" data-widget_type=\"heading.default\">\n\t\t\t\t<div class=\"elementor-widget-container\">\n\t\t\t\t\t<h2 class=\"elementor-heading-title elementor-size-default\">Einsatz erneuerbarer Energien\n<\/h2>\t\t\t\t<\/div>\n\t\t\t\t<\/div>\n\t\t\t\t<div class=\"elementor-element elementor-element-6229809 elementor-widget elementor-widget-text-editor\" data-id=\"6229809\" data-element_type=\"widget\" data-e-type=\"widget\" data-widget_type=\"text-editor.default\">\n\t\t\t\t<div class=\"elementor-widget-container\">\n\t\t\t\t\t\t\t\t\tUnabh\u00e4ngigkeit von fossilen Brennstoffen wird immer wichtiger. Durch Photovoltaik-Anlagen, W\u00e4rmepumpen und Solarthermie-Anlagen wird dies m\u00f6glich.\t\t\t\t\t\t\t\t<\/div>\n\t\t\t\t<\/div>\n\t\t\t\t<\/div>\n\t\t\t\t<\/div>\n\t\t\t\t\t<\/div>\n\t\t\t\t<\/div>\n\t\t\t\t<\/div>\n\t\t","protected":false},"excerpt":{"rendered":"<p>Nachhaltig Best\u00e4nde sanieren, fordert professionelle Planung und Erfahrung. Alle Leistungen Sparen Sie in der zweiten Miete (Nebenkosten) dank energetischer Sanierung. Wir helfen Ihnen, Ihren Energieverbrauch f\u00fcr Heizung, Warmwasseraufbereitung und Bel\u00fcftung durch gezielte bauliche Ma\u00dfnahmen langfristig zu reduzieren. Das senkt die Energiekosten sp\u00fcrbar und gleichzeitig leisten Sie durch einen geringeren Co2-Aussto\u00df und den Einsatz erneuerbarer Energien [&hellip;]<\/p>\n","protected":false},"author":1,"featured_media":0,"parent":0,"menu_order":0,"comment_status":"closed","ping_status":"closed","template":"elementor_header_footer","meta":{"_acf_changed":false,"footnotes":""},"class_list":["post-692","page","type-page","status-publish","hentry"],"acf":[],"_links":{"self":[{"href":"https:\/\/adimakes.com\/schontag\/wp-json\/wp\/v2\/pages\/692","targetHints":{"allow":["GET"]}}],"collection":[{"href":"https:\/\/adimakes.com\/schontag\/wp-json\/wp\/v2\/pages"}],"about":[{"href":"https:\/\/adimakes.com\/schontag\/wp-json\/wp\/v2\/types\/page"}],"author":[{"embeddable":true,"href":"https:\/\/adimakes.com\/schontag\/wp-json\/wp\/v2\/users\/1"}],"replies":[{"embeddable":true,"href":"https:\/\/adimakes.com\/schontag\/wp-json\/wp\/v2\/comments?post=692"}],"version-history":[{"count":43,"href":"https:\/\/adimakes.com\/schontag\/wp-json\/wp\/v2\/pages\/692\/revisions"}],"predecessor-version":[{"id":1129,"href":"https:\/\/adimakes.com\/schontag\/wp-json\/wp\/v2\/pages\/692\/revisions\/1129"}],"wp:attachment":[{"href":"https:\/\/adimakes.com\/schontag\/wp-json\/wp\/v2\/media?parent=692"}],"curies":[{"name":"wp","href":"https:\/\/api.w.org\/{rel}","templated":true}]}}