{"id":731,"date":"2025-06-05T08:05:15","date_gmt":"2025-06-05T08:05:15","guid":{"rendered":"https:\/\/adimakes.com\/schontag\/?page_id=731"},"modified":"2025-06-05T13:42:02","modified_gmt":"2025-06-05T13:42:02","slug":"esg","status":"publish","type":"page","link":"https:\/\/adimakes.com\/schontag\/esg\/","title":{"rendered":"ESG"},"content":{"rendered":"\t\t<div data-elementor-type=\"wp-page\" data-elementor-id=\"731\" class=\"elementor elementor-731\" data-elementor-post-type=\"page\">\n\t\t\t\t<div class=\"elementor-element elementor-element-55b2b0d e-flex e-con-boxed e-con e-parent\" data-id=\"55b2b0d\" data-element_type=\"container\" data-e-type=\"container\" data-settings=\"{&quot;background_background&quot;:&quot;classic&quot;}\">\n\t\t\t\t\t<div class=\"e-con-inner\">\n\t\t\t\t<div class=\"elementor-element elementor-element-f630db1 elementor-widget elementor-widget-heading\" data-id=\"f630db1\" data-element_type=\"widget\" data-e-type=\"widget\" data-widget_type=\"heading.default\">\n\t\t\t\t<div class=\"elementor-widget-container\">\n\t\t\t\t\t<h2 class=\"elementor-heading-title elementor-size-default\">Bauen f\u00fcr die Zukunft. Nachhaltig, \u00f6kologisch und sozial.<\/h2>\t\t\t\t<\/div>\n\t\t\t\t<\/div>\n\t\t\t\t<div class=\"elementor-element elementor-element-35849d2 elementor-align-right elementor-widget elementor-widget-button\" data-id=\"35849d2\" data-element_type=\"widget\" data-e-type=\"widget\" data-widget_type=\"button.default\">\n\t\t\t\t<div class=\"elementor-widget-container\">\n\t\t\t\t\t\t\t\t\t<div class=\"elementor-button-wrapper\">\n\t\t\t\t\t<a class=\"elementor-button elementor-button-link elementor-size-sm\" href=\"https:\/\/adimakes.com\/schontag\/esg\/\">\n\t\t\t\t\t\t<span class=\"elementor-button-content-wrapper\">\n\t\t\t\t\t\t\t\t\t<span class=\"elementor-button-text\">Alle Leistungen<\/span>\n\t\t\t\t\t<\/span>\n\t\t\t\t\t<\/a>\n\t\t\t\t<\/div>\n\t\t\t\t\t\t\t\t<\/div>\n\t\t\t\t<\/div>\n\t\t\t\t\t<\/div>\n\t\t\t\t<\/div>\n\t\t<div class=\"elementor-element elementor-element-5283041 e-flex e-con-boxed e-con e-parent\" data-id=\"5283041\" data-element_type=\"container\" data-e-type=\"container\" data-settings=\"{&quot;background_background&quot;:&quot;classic&quot;}\">\n\t\t\t\t\t<div class=\"e-con-inner\">\n\t\t\t\t<div class=\"elementor-element elementor-element-d43d145 elementor-widget elementor-widget-heading\" data-id=\"d43d145\" data-element_type=\"widget\" data-e-type=\"widget\" data-widget_type=\"heading.default\">\n\t\t\t\t<div class=\"elementor-widget-container\">\n\t\t\t\t\t<h2 class=\"elementor-heading-title elementor-size-default\">\u00d6kologisch planen<\/h2>\t\t\t\t<\/div>\n\t\t\t\t<\/div>\n\t\t\t\t<div class=\"elementor-element elementor-element-b1abf66 elementor-widget elementor-widget-text-editor\" data-id=\"b1abf66\" data-element_type=\"widget\" data-e-type=\"widget\" data-widget_type=\"text-editor.default\">\n\t\t\t\t<div class=\"elementor-widget-container\">\n\t\t\t\t\t\t\t\t\t<p>Environment Social Governance, kurz ESG, steht f\u00fcr eine \u00f6kologisch und sozial nachhaltige Unternehmensf\u00fchrung und den verantwortungsvollen Umgang mit unseren Ressourcen.<\/p><p>\u00a0<\/p><p>Auf dieser Grundlage bieten wir Ihnen Planung und Bau Ihrer Immobilie nach einem ganzheitlichen ESG-Konzept an, welches wir an Ihre wirtschaftlichen und individuellen Voraussetzungen anpassen.<\/p>\t\t\t\t\t\t\t\t<\/div>\n\t\t\t\t<\/div>\n\t\t<div class=\"elementor-element elementor-element-aeef3cd e-con-full e-flex e-con e-child\" data-id=\"aeef3cd\" data-element_type=\"container\" data-e-type=\"container\">\n\t\t<div class=\"elementor-element elementor-element-8604810 e-con-full e-flex e-con e-child\" data-id=\"8604810\" data-element_type=\"container\" data-e-type=\"container\">\n\t\t\t\t<div class=\"elementor-element elementor-element-c25371d elementor-widget elementor-widget-image\" data-id=\"c25371d\" data-element_type=\"widget\" data-e-type=\"widget\" data-widget_type=\"image.default\">\n\t\t\t\t<div class=\"elementor-widget-container\">\n\t\t\t\t\t\t\t\t\t\t\t\t\t\t\t<img fetchpriority=\"high\" decoding=\"async\" width=\"256\" height=\"256\" src=\"https:\/\/adimakes.com\/schontag\/wp-content\/uploads\/2025\/06\/House.png\" class=\"attachment-large size-large wp-image-610\" alt=\"\" srcset=\"https:\/\/adimakes.com\/schontag\/wp-content\/uploads\/2025\/06\/House.png 256w, https:\/\/adimakes.com\/schontag\/wp-content\/uploads\/2025\/06\/House-150x150.png 150w\" sizes=\"(max-width: 256px) 100vw, 256px\" \/>\t\t\t\t\t\t\t\t\t\t\t\t\t\t\t<\/div>\n\t\t\t\t<\/div>\n\t\t\t\t<div class=\"elementor-element elementor-element-dee9413 elementor-widget elementor-widget-heading\" data-id=\"dee9413\" data-element_type=\"widget\" data-e-type=\"widget\" data-widget_type=\"heading.default\">\n\t\t\t\t<div class=\"elementor-widget-container\">\n\t\t\t\t\t<h2 class=\"elementor-heading-title elementor-size-default\">Ressourcenverbrauch<\/h2>\t\t\t\t<\/div>\n\t\t\t\t<\/div>\n\t\t\t\t<\/div>\n\t\t<div class=\"elementor-element elementor-element-9ed7f45 e-con-full e-flex e-con e-child\" data-id=\"9ed7f45\" data-element_type=\"container\" data-e-type=\"container\">\n\t\t\t\t<div class=\"elementor-element elementor-element-7308672 elementor-widget elementor-widget-image\" data-id=\"7308672\" data-element_type=\"widget\" data-e-type=\"widget\" data-widget_type=\"image.default\">\n\t\t\t\t<div class=\"elementor-widget-container\">\n\t\t\t\t\t\t\t\t\t\t\t\t\t\t\t<img decoding=\"async\" width=\"256\" height=\"256\" src=\"https:\/\/adimakes.com\/schontag\/wp-content\/uploads\/2025\/06\/3737602_energy_green_leaf_renewable_icon.png\" class=\"attachment-large size-large wp-image-326\" alt=\"\" srcset=\"https:\/\/adimakes.com\/schontag\/wp-content\/uploads\/2025\/06\/3737602_energy_green_leaf_renewable_icon.png 256w, https:\/\/adimakes.com\/schontag\/wp-content\/uploads\/2025\/06\/3737602_energy_green_leaf_renewable_icon-150x150.png 150w\" sizes=\"(max-width: 256px) 100vw, 256px\" \/>\t\t\t\t\t\t\t\t\t\t\t\t\t\t\t<\/div>\n\t\t\t\t<\/div>\n\t\t\t\t<div class=\"elementor-element elementor-element-6ccd62c elementor-widget elementor-widget-heading\" data-id=\"6ccd62c\" data-element_type=\"widget\" data-e-type=\"widget\" data-widget_type=\"heading.default\">\n\t\t\t\t<div class=\"elementor-widget-container\">\n\t\t\t\t\t<h2 class=\"elementor-heading-title elementor-size-default\">Abfallaufkommen<\/h2>\t\t\t\t<\/div>\n\t\t\t\t<\/div>\n\t\t\t\t<\/div>\n\t\t<div class=\"elementor-element elementor-element-a4aeb6c e-con-full e-flex e-con e-child\" data-id=\"a4aeb6c\" data-element_type=\"container\" data-e-type=\"container\">\n\t\t\t\t<div class=\"elementor-element elementor-element-c48a0ca elementor-widget elementor-widget-image\" data-id=\"c48a0ca\" data-element_type=\"widget\" data-e-type=\"widget\" data-widget_type=\"image.default\">\n\t\t\t\t<div class=\"elementor-widget-container\">\n\t\t\t\t\t\t\t\t\t\t\t\t\t\t\t<img decoding=\"async\" width=\"256\" height=\"256\" src=\"https:\/\/adimakes.com\/schontag\/wp-content\/uploads\/2025\/06\/3737610_love_save_world_enviroment_icon.png\" class=\"attachment-large size-large wp-image-611\" alt=\"\" srcset=\"https:\/\/adimakes.com\/schontag\/wp-content\/uploads\/2025\/06\/3737610_love_save_world_enviroment_icon.png 256w, https:\/\/adimakes.com\/schontag\/wp-content\/uploads\/2025\/06\/3737610_love_save_world_enviroment_icon-150x150.png 150w\" sizes=\"(max-width: 256px) 100vw, 256px\" \/>\t\t\t\t\t\t\t\t\t\t\t\t\t\t\t<\/div>\n\t\t\t\t<\/div>\n\t\t\t\t<div class=\"elementor-element elementor-element-3fa800b elementor-widget elementor-widget-heading\" data-id=\"3fa800b\" data-element_type=\"widget\" data-e-type=\"widget\" data-widget_type=\"heading.default\">\n\t\t\t\t<div class=\"elementor-widget-container\">\n\t\t\t\t\t<h2 class=\"elementor-heading-title elementor-size-default\">Energieverbrauch<\/h2>\t\t\t\t<\/div>\n\t\t\t\t<\/div>\n\t\t\t\t<\/div>\n\t\t\t\t<\/div>\n\t\t<div class=\"elementor-element elementor-element-421fcbf e-con-full e-flex e-con e-child\" data-id=\"421fcbf\" data-element_type=\"container\" data-e-type=\"container\">\n\t\t\t\t<div class=\"elementor-element elementor-element-c08cd4d elementor-widget elementor-widget-text-editor\" data-id=\"c08cd4d\" data-element_type=\"widget\" data-e-type=\"widget\" data-widget_type=\"text-editor.default\">\n\t\t\t\t<div class=\"elementor-widget-container\">\n\t\t\t\t\t\t\t\t\tDie gr\u00f6\u00dften umweltsch\u00e4dlichen Faktoren im Bau sind der enorme Ressourcenverbrauch, das Abfallaufkommen und der Energieverbrauch. Um alle drei Faktoren auf ein Minimum zu reduzieren, bieten wir folgende L\u00f6sungen an:\t\t\t\t\t\t\t\t<\/div>\n\t\t\t\t<\/div>\n\t\t\t\t<\/div>\n\t\t<div class=\"elementor-element elementor-element-e97fd83 e-con-full e-flex e-con e-child\" data-id=\"e97fd83\" data-element_type=\"container\" data-e-type=\"container\">\n\t\t<div class=\"elementor-element elementor-element-9213177 e-con-full e-flex e-con e-child\" data-id=\"9213177\" data-element_type=\"container\" data-e-type=\"container\">\n\t\t\t\t<div class=\"elementor-element elementor-element-bc99474 elementor-widget elementor-widget-heading\" data-id=\"bc99474\" data-element_type=\"widget\" data-e-type=\"widget\" data-widget_type=\"heading.default\">\n\t\t\t\t<div class=\"elementor-widget-container\">\n\t\t\t\t\t<h2 class=\"elementor-heading-title elementor-size-default\">Ressourcenschonend<\/h2>\t\t\t\t<\/div>\n\t\t\t\t<\/div>\n\t\t\t\t<div class=\"elementor-element elementor-element-ce30c3f elementor-widget elementor-widget-text-editor\" data-id=\"ce30c3f\" data-element_type=\"widget\" data-e-type=\"widget\" data-widget_type=\"text-editor.default\">\n\t\t\t\t<div class=\"elementor-widget-container\">\n\t\t\t\t\t\t\t\t\tWir verwenden nachwachsende, wiederverwendbare und recycelbare Rohstoffe und streben eine m\u00f6glichst geringe Versieglung von Fl\u00e4chen an, um das \u00d6kosystem Boden zu sch\u00fctzen. Zudem verwenden wir regionale Bauteile und-stoffe, um lange Transportwege zu vermeiden.\t\t\t\t\t\t\t\t<\/div>\n\t\t\t\t<\/div>\n\t\t\t\t<\/div>\n\t\t<div class=\"elementor-element elementor-element-8ed13fc e-con-full e-flex e-con e-child\" data-id=\"8ed13fc\" data-element_type=\"container\" data-e-type=\"container\">\n\t\t\t\t<div class=\"elementor-element elementor-element-b675923 elementor-widget elementor-widget-heading\" data-id=\"b675923\" data-element_type=\"widget\" data-e-type=\"widget\" data-widget_type=\"heading.default\">\n\t\t\t\t<div class=\"elementor-widget-container\">\n\t\t\t\t\t<h2 class=\"elementor-heading-title elementor-size-default\">Kreislaufwirtschaft<\/h2>\t\t\t\t<\/div>\n\t\t\t\t<\/div>\n\t\t\t\t<div class=\"elementor-element elementor-element-8d39923 elementor-widget elementor-widget-text-editor\" data-id=\"8d39923\" data-element_type=\"widget\" data-e-type=\"widget\" data-widget_type=\"text-editor.default\">\n\t\t\t\t<div class=\"elementor-widget-container\">\n\t\t\t\t\t\t\t\t\tDas gr\u00f6\u00dfte Abfallaufkommen im Bau wird durch Abriss und umfangreichen Ver\u00e4nderungen an einer Immobilie verursacht. Um so wichtiger ist es heute, Geb\u00e4ude vorausschauend zu bauen. Ein zeitloser Stil, langlebige Materialen und r\u00fcckbauf\u00e4hige H\u00e4user sind essenziell, um den M\u00fcll von Morgen zu verhindern.\t\t\t\t\t\t\t\t<\/div>\n\t\t\t\t<\/div>\n\t\t\t\t<\/div>\n\t\t<div class=\"elementor-element elementor-element-ad512ad e-con-full e-flex e-con e-child\" data-id=\"ad512ad\" data-element_type=\"container\" data-e-type=\"container\">\n\t\t\t\t<div class=\"elementor-element elementor-element-c239e6c elementor-widget elementor-widget-heading\" data-id=\"c239e6c\" data-element_type=\"widget\" data-e-type=\"widget\" data-widget_type=\"heading.default\">\n\t\t\t\t<div class=\"elementor-widget-container\">\n\t\t\t\t\t<h2 class=\"elementor-heading-title elementor-size-default\">Nachhaltige Energiekonzepte:<\/h2>\t\t\t\t<\/div>\n\t\t\t\t<\/div>\n\t\t\t\t<div class=\"elementor-element elementor-element-103a3bb elementor-widget elementor-widget-text-editor\" data-id=\"103a3bb\" data-element_type=\"widget\" data-e-type=\"widget\" data-widget_type=\"text-editor.default\">\n\t\t\t\t<div class=\"elementor-widget-container\">\n\t\t\t\t\t\t\t\t\tWir entwickeln ganzheitliche Energiekonzepte mit erneuerbaren Energien. In einem Zusammenspiel aus Photovoltaik- und Solarthermie-Anlagen sowie W\u00e4rmepumpen l\u00e4sst sich der Co2 Aussto\u00df von Geb\u00e4uden deutlich reduzieren. Kombiniert mit einer guten W\u00e4rmed\u00e4mmung, nat\u00fcrlicher Lichtoptimierung, Smart Home Anwendungen und Dach-und Fassadenbegr\u00fcnung kann zudem der Energieverbrauch gesenkt werden.\t\t\t\t\t\t\t\t<\/div>\n\t\t\t\t<\/div>\n\t\t\t\t<\/div>\n\t\t\t\t<\/div>\n\t\t<div class=\"elementor-element elementor-element-c6dad13 e-con-full e-flex e-con e-child\" data-id=\"c6dad13\" data-element_type=\"container\" data-e-type=\"container\">\n\t\t<div class=\"elementor-element elementor-element-9040bc6 e-con-full e-flex e-con e-child\" data-id=\"9040bc6\" data-element_type=\"container\" data-e-type=\"container\">\n\t\t\t\t<div class=\"elementor-element elementor-element-db38cd1 elementor-widget elementor-widget-heading\" data-id=\"db38cd1\" data-element_type=\"widget\" data-e-type=\"widget\" data-widget_type=\"heading.default\">\n\t\t\t\t<div class=\"elementor-widget-container\">\n\t\t\t\t\t<h2 class=\"elementor-heading-title elementor-size-default\">Governance \u2013 NACHHALTIGE UNTERNEHMENSF\u00dcHRUNG<\/h2>\t\t\t\t<\/div>\n\t\t\t\t<\/div>\n\t\t\t\t<div class=\"elementor-element elementor-element-3b9ddae elementor-widget elementor-widget-text-editor\" data-id=\"3b9ddae\" data-element_type=\"widget\" data-e-type=\"widget\" data-widget_type=\"text-editor.default\">\n\t\t\t\t<div class=\"elementor-widget-container\">\n\t\t\t\t\t\t\t\t\t<p>Der dritte Bereich ESG konformen Bauens betrifft nicht die Immobilie selbst, sondern die interne Unternehmensf\u00fchrung. Eine nachhaltige Unternehmensf\u00fchrung bedeutet f\u00fcr uns, vorausschauend zu wirtschaften, transparent zu sein und im Einklang mit unseren Werten zu handeln.<\/p>\t\t\t\t\t\t\t\t<\/div>\n\t\t\t\t<\/div>\n\t\t\t\t<\/div>\n\t\t<div class=\"elementor-element elementor-element-de4b707 e-con-full e-flex e-con e-child\" data-id=\"de4b707\" data-element_type=\"container\" data-e-type=\"container\">\n\t\t\t\t<div class=\"elementor-element elementor-element-3af1bfb elementor-widget elementor-widget-heading\" data-id=\"3af1bfb\" data-element_type=\"widget\" data-e-type=\"widget\" data-widget_type=\"heading.default\">\n\t\t\t\t<div class=\"elementor-widget-container\">\n\t\t\t\t\t<h2 class=\"elementor-heading-title elementor-size-default\">Nachhaltig Investieren<\/h2>\t\t\t\t<\/div>\n\t\t\t\t<\/div>\n\t\t\t\t<div class=\"elementor-element elementor-element-cbbe5e5 elementor-widget elementor-widget-text-editor\" data-id=\"cbbe5e5\" data-element_type=\"widget\" data-e-type=\"widget\" data-widget_type=\"text-editor.default\">\n\t\t\t\t<div class=\"elementor-widget-container\">\n\t\t\t\t\t\t\t\t\t<p>Durch ESG r\u00fcckt nicht nur nachhaltiges Bauen, sondern auch nachhaltiges Investieren in den Fokus der Immobilienbranche. F\u00fcr Investoren werden durch die Offenlegungs- und die Taxonomie Verordnung, nachhaltige Geldanlagen immer wichtiger, insbesondere Immobilienfonds, die Artikel 8 oder 9 entsprechen wollen.<\/p><p>Wir beraten Sie gern zu m\u00f6glichen Nachhaltigkeitszertifizierungen.<\/p>\t\t\t\t\t\t\t\t<\/div>\n\t\t\t\t<\/div>\n\t\t\t\t<\/div>\n\t\t<div class=\"elementor-element elementor-element-1af6cbd e-con-full e-flex e-con e-child\" data-id=\"1af6cbd\" data-element_type=\"container\" data-e-type=\"container\">\n\t\t\t\t<div class=\"elementor-element elementor-element-38dcdfd elementor-widget elementor-widget-heading\" data-id=\"38dcdfd\" data-element_type=\"widget\" data-e-type=\"widget\" data-widget_type=\"heading.default\">\n\t\t\t\t<div class=\"elementor-widget-container\">\n\t\t\t\t\t<h2 class=\"elementor-heading-title elementor-size-default\">Social \u2013 Soziale Verantwortung als Unternehmen und in der Gesellschaft<\/h2>\t\t\t\t<\/div>\n\t\t\t\t<\/div>\n\t\t\t\t<div class=\"elementor-element elementor-element-9007696 elementor-widget elementor-widget-text-editor\" data-id=\"9007696\" data-element_type=\"widget\" data-e-type=\"widget\" data-widget_type=\"text-editor.default\">\n\t\t\t\t<div class=\"elementor-widget-container\">\n\t\t\t\t\t\t\t\t\t<p>Bei der Planung und dem Bau von Immobilien spielt die Sozialvertr\u00e4glichkeit f\u00fcr Bewohner und Umfeld eine wichtige Rolle. Wohnraum sollte bezahlbar sein und die Gemeinschaft f\u00f6rdern. Zudem sorgen wir als Arbeitgeber f\u00fcr gerechte und sichere Arbeitsbedingungen und setzten Projekte im Sozialimmobilienbereich sowie alternative Wohnformen um.<\/p>\t\t\t\t\t\t\t\t<\/div>\n\t\t\t\t<\/div>\n\t\t\t\t<\/div>\n\t\t\t\t<\/div>\n\t\t\t\t\t<\/div>\n\t\t\t\t<\/div>\n\t\t<div class=\"elementor-element elementor-element-f874ffa e-flex e-con-boxed e-con e-parent\" data-id=\"f874ffa\" data-element_type=\"container\" data-e-type=\"container\" data-settings=\"{&quot;background_background&quot;:&quot;classic&quot;}\">\n\t\t\t\t\t<div class=\"e-con-inner\">\n\t\t<div class=\"elementor-element elementor-element-d12f4de e-con-full e-flex e-con e-child\" data-id=\"d12f4de\" data-element_type=\"container\" data-e-type=\"container\" data-settings=\"{&quot;background_background&quot;:&quot;classic&quot;}\">\n\t\t\t\t<div class=\"elementor-element elementor-element-66a58c9 elementor-widget elementor-widget-heading\" data-id=\"66a58c9\" data-element_type=\"widget\" data-e-type=\"widget\" data-widget_type=\"heading.default\">\n\t\t\t\t<div class=\"elementor-widget-container\">\n\t\t\t\t\t<h2 class=\"elementor-heading-title elementor-size-default\">Need A Partner You Can Trust?<\/h2>\t\t\t\t<\/div>\n\t\t\t\t<\/div>\n\t\t<div class=\"elementor-element elementor-element-dc45a4d e-con-full e-flex e-con e-child\" data-id=\"dc45a4d\" data-element_type=\"container\" data-e-type=\"container\">\n\t\t\t\t<div class=\"elementor-element elementor-element-81ccd67 elementor-widget__width-initial elementor-widget-divider--view-line elementor-widget elementor-widget-divider\" data-id=\"81ccd67\" data-element_type=\"widget\" data-e-type=\"widget\" data-widget_type=\"divider.default\">\n\t\t\t\t<div class=\"elementor-widget-container\">\n\t\t\t\t\t\t\t<div class=\"elementor-divider\">\n\t\t\t<span class=\"elementor-divider-separator\">\n\t\t\t\t\t\t<\/span>\n\t\t<\/div>\n\t\t\t\t\t\t<\/div>\n\t\t\t\t<\/div>\n\t\t\t\t<div class=\"elementor-element elementor-element-7f7fc13 elementor-widget elementor-widget-button\" data-id=\"7f7fc13\" data-element_type=\"widget\" data-e-type=\"widget\" data-widget_type=\"button.default\">\n\t\t\t\t<div class=\"elementor-widget-container\">\n\t\t\t\t\t\t\t\t\t<div class=\"elementor-button-wrapper\">\n\t\t\t\t\t<a class=\"elementor-button elementor-button-link elementor-size-sm\" href=\"https:\/\/adimakes.com\/schontag\/kontakt\/\">\n\t\t\t\t\t\t<span class=\"elementor-button-content-wrapper\">\n\t\t\t\t\t\t\t\t\t<span class=\"elementor-button-text\">Get in Touch<\/span>\n\t\t\t\t\t<\/span>\n\t\t\t\t\t<\/a>\n\t\t\t\t<\/div>\n\t\t\t\t\t\t\t\t<\/div>\n\t\t\t\t<\/div>\n\t\t\t\t<\/div>\n\t\t\t\t<\/div>\n\t\t\t\t\t<\/div>\n\t\t\t\t<\/div>\n\t\t\t\t<\/div>\n\t\t","protected":false},"excerpt":{"rendered":"<p>Bauen f\u00fcr die Zukunft. Nachhaltig, \u00f6kologisch und sozial. Alle Leistungen \u00d6kologisch planen Environment Social Governance, kurz ESG, steht f\u00fcr eine \u00f6kologisch und sozial nachhaltige Unternehmensf\u00fchrung und den verantwortungsvollen Umgang mit unseren Ressourcen. \u00a0 Auf dieser Grundlage bieten wir Ihnen Planung und Bau Ihrer Immobilie nach einem ganzheitlichen ESG-Konzept an, welches wir an Ihre wirtschaftlichen und [&hellip;]<\/p>\n","protected":false},"author":1,"featured_media":0,"parent":0,"menu_order":0,"comment_status":"closed","ping_status":"closed","template":"elementor_header_footer","meta":{"_acf_changed":false,"footnotes":""},"class_list":["post-731","page","type-page","status-publish","hentry"],"acf":[],"_links":{"self":[{"href":"https:\/\/adimakes.com\/schontag\/wp-json\/wp\/v2\/pages\/731","targetHints":{"allow":["GET"]}}],"collection":[{"href":"https:\/\/adimakes.com\/schontag\/wp-json\/wp\/v2\/pages"}],"about":[{"href":"https:\/\/adimakes.com\/schontag\/wp-json\/wp\/v2\/types\/page"}],"author":[{"embeddable":true,"href":"https:\/\/adimakes.com\/schontag\/wp-json\/wp\/v2\/users\/1"}],"replies":[{"embeddable":true,"href":"https:\/\/adimakes.com\/schontag\/wp-json\/wp\/v2\/comments?post=731"}],"version-history":[{"count":61,"href":"https:\/\/adimakes.com\/schontag\/wp-json\/wp\/v2\/pages\/731\/revisions"}],"predecessor-version":[{"id":1132,"href":"https:\/\/adimakes.com\/schontag\/wp-json\/wp\/v2\/pages\/731\/revisions\/1132"}],"wp:attachment":[{"href":"https:\/\/adimakes.com\/schontag\/wp-json\/wp\/v2\/media?parent=731"}],"curies":[{"name":"wp","href":"https:\/\/api.w.org\/{rel}","templated":true}]}}